{"id":182,"date":"2026-03-02T00:05:08","date_gmt":"2026-03-02T00:05:08","guid":{"rendered":"https:\/\/villadeluxe.net\/?page_id=182"},"modified":"2026-03-19T16:07:17","modified_gmt":"2026-03-19T16:07:17","slug":"suite-04","status":"publish","type":"page","link":"https:\/\/villadeluxe.net\/en\/suite-04\/","title":{"rendered":"SUITE 4"},"content":{"rendered":"<div class=\"wp-block-group alignfull ext-animate--on has-global-padding is-content-justification-center is-layout-constrained wp-block-group-is-layout-constrained\" style=\"margin-top:0;margin-bottom:0\">\n<div style=\"height:var(--wp--preset--spacing--20)\" aria-hidden=\"true\" class=\"wp-block-spacer ext-animate--on\"><\/div>\n\n\n\n<div class=\"wp-block-group alignwide ext-animate--on is-layout-flow wp-block-group-is-layout-flow\">\n<figure class=\"wp-block-image is-resized ext-animate--on\"><img loading=\"lazy\" decoding=\"async\" width=\"1024\" height=\"683\" src=\"https:\/\/villadeluxe.net\/wp-content\/uploads\/2026\/03\/Herobild-9-1024x683.jpg\" alt=\"\" class=\"wp-image-693\" style=\"width:1280px;height:auto\" srcset=\"https:\/\/villadeluxe.net\/wp-content\/uploads\/2026\/03\/Herobild-9-1024x683.jpg 1024w, https:\/\/villadeluxe.net\/wp-content\/uploads\/2026\/03\/Herobild-9-300x200.jpg 300w, https:\/\/villadeluxe.net\/wp-content\/uploads\/2026\/03\/Herobild-9-768x512.jpg 768w, https:\/\/villadeluxe.net\/wp-content\/uploads\/2026\/03\/Herobild-9.jpg 1536w\" sizes=\"auto, (max-width: 1024px) 100vw, 1024px\" \/><\/figure>\n\n\n\n<div class=\"wp-block-columns alignwide are-vertically-aligned-top ext-animate--on is-layout-flex wp-container-core-columns-is-layout-5c8fb865 wp-block-columns-is-layout-flex\">\n<div class=\"wp-block-column is-vertically-aligned-top ext-animate--on has-global-padding is-content-justification-left is-layout-constrained wp-container-core-column-is-layout-95996b15 wp-block-column-is-layout-constrained\">\n<h2 class=\"wp-block-heading ext-animate--on\">Pool view<\/h2>\n<\/div>\n\n\n\n<div class=\"wp-block-column is-vertically-aligned-top ext-animate--on is-layout-flow wp-block-column-is-layout-flow\" style=\"flex-basis:40%\">\n<p class=\"ext-animate--on\"><strong>Size: 45 square metres (2-4 persons)<\/strong><\/p>\n\n\n\n<p class=\"ext-animate--on\">Rooms: 1 bedroom, 1 living room, 2 balconies, kitchen, bathroom<\/p>\n\n\n\n<ul class=\"wp-block-list ext-animate--on\">\n<li class=\"ext-animate--on\">Bed size (160 x 200 cm incl box spring mattress)<\/li>\n\n\n\n<li class=\"ext-animate--on\">Sofa bed (130 x 200 cm incl. slatted bed base)<\/li>\n\n\n\n<li class=\"ext-animate--on\">Heated saltwater pool<\/li>\n\n\n\n<li class=\"ext-animate--on\">Free WLAN<\/li>\n\n\n\n<li class=\"ext-animate--on\">Car park<\/li>\n\n\n\n<li class=\"ext-animate--on\">Washing machine<\/li>\n\n\n\n<li class=\"ext-animate--on\">Terrace &amp; balcony<\/li>\n\n\n\n<li class=\"ext-animate--on\">electric grill<\/li>\n\n\n\n<li class=\"ext-animate--on\">Climate<\/li>\n\n\n\n<li class=\"ext-animate--on\">Heating, underfloor heating<\/li>\n\n\n\n<li class=\"ext-animate--on\">Electronic safe<\/li>\n\n\n\n<li class=\"ext-animate--on\">Bathroom<\/li>\n\n\n\n<li class=\"ext-animate--on\">Smart TV<\/li>\n\n\n\n<li class=\"ext-animate--on\">Satellite television<\/li>\n\n\n\n<li class=\"ext-animate--on\">Bath &amp; pool towels<\/li>\n\n\n\n<li class=\"ext-animate--on\">Damask bed linen<\/li>\n\n\n\n<li class=\"ext-animate--on\">First aid kit<\/li>\n\n\n\n<li class=\"ext-animate--on\">Hair dryer<\/li>\n\n\n\n<li class=\"ext-animate--on\">Iron<\/li>\n\n\n\n<li class=\"ext-animate--on\">Transfer (on request)<\/li>\n<\/ul>\n\n\n\n<p><\/p>\n\n\n\n<details class=\"wp-block-details ext-animate--on is-layout-flow wp-block-details-is-layout-flow\"><summary><strong>Kitchen Equipment<\/strong><\/summary>\n<p><\/p>\n<\/details>\n\n\n\n<ul class=\"wp-block-list ext-animate--on\">\n<li class=\"ext-animate--on\">Refrigerator<\/li>\n\n\n\n<li class=\"ext-animate--on\">Kettle<\/li>\n\n\n\n<li class=\"ext-animate--on\">Dishwasher<\/li>\n\n\n\n<li class=\"ext-animate--on\">Ceramic hob<\/li>\n\n\n\n<li class=\"ext-animate--on\">Coffee machine<\/li>\n\n\n\n<li class=\"ext-animate--on\">Toaster<\/li>\n\n\n\n<li class=\"ext-animate--on\">Microwave<\/li>\n\n\n\n<li class=\"ext-animate--on\">Cleaning agents<\/li>\n<\/ul>\n\n\n\n<p class=\"ext-animate--on\"><strong>2 x weekly refreshment<\/strong><\/p>\n\n\n\n<div class=\"wp-block-buttons ext-animate--on is-layout-flex wp-block-buttons-is-layout-flex\">\n<div class=\"wp-block-button ext-animate--on\"><a class=\"wp-block-button__link wp-element-button\" href=\"https:\/\/villadeluxe.net\/en\/accommodation\/suite-04\/#booking-form-2035\">Availability and booking<\/a><\/div>\n<\/div>\n<\/div>\n<\/div>\n\n\n\n<div style=\"height:var(--wp--preset--spacing--20)\" aria-hidden=\"true\" class=\"wp-block-spacer ext-animate--on\"><\/div>\n<\/div>\n\n\n\n<div style=\"height:var(--wp--preset--spacing--20)\" aria-hidden=\"true\" class=\"wp-block-spacer ext-animate--on\"><\/div>\n<\/div>\n\n\n\n<figure class=\"wp-block-gallery alignwide has-nested-images columns-3 is-cropped ext-animate--on wp-block-gallery-1 is-layout-flex wp-block-gallery-is-layout-flex\" style=\"border-style:none;border-width:0px;border-top-left-radius:0px;border-top-right-radius:0px;border-bottom-left-radius:0px;border-bottom-right-radius:0px\">\n<figure class=\"wp-block-image size-large ext-animate--on\"><img loading=\"lazy\" decoding=\"async\" width=\"1024\" height=\"683\" data-id=\"693\" src=\"https:\/\/villadeluxe.net\/wp-content\/uploads\/2026\/03\/Herobild-9-1024x683.jpg\" alt=\"\" class=\"wp-image-693\" style=\"aspect-ratio:1\" srcset=\"https:\/\/villadeluxe.net\/wp-content\/uploads\/2026\/03\/Herobild-9-1024x683.jpg 1024w, https:\/\/villadeluxe.net\/wp-content\/uploads\/2026\/03\/Herobild-9-300x200.jpg 300w, https:\/\/villadeluxe.net\/wp-content\/uploads\/2026\/03\/Herobild-9-768x512.jpg 768w, https:\/\/villadeluxe.net\/wp-content\/uploads\/2026\/03\/Herobild-9.jpg 1536w\" sizes=\"auto, (max-width: 1024px) 100vw, 1024px\" \/><\/figure>\n\n\n\n<figure class=\"wp-block-image size-large ext-animate--on\"><img loading=\"lazy\" decoding=\"async\" width=\"1024\" height=\"683\" data-id=\"696\" src=\"https:\/\/villadeluxe.net\/wp-content\/uploads\/2026\/03\/image-15-1024x683.jpg\" alt=\"\" class=\"wp-image-696\" style=\"aspect-ratio:1\" srcset=\"https:\/\/villadeluxe.net\/wp-content\/uploads\/2026\/03\/image-15-1024x683.jpg 1024w, https:\/\/villadeluxe.net\/wp-content\/uploads\/2026\/03\/image-15-300x200.jpg 300w, https:\/\/villadeluxe.net\/wp-content\/uploads\/2026\/03\/image-15-768x512.jpg 768w, https:\/\/villadeluxe.net\/wp-content\/uploads\/2026\/03\/image-15.jpg 1248w\" sizes=\"auto, (max-width: 1024px) 100vw, 1024px\" \/><\/figure>\n\n\n\n<figure class=\"wp-block-image size-large ext-animate--on\"><img loading=\"lazy\" decoding=\"async\" width=\"1024\" height=\"683\" data-id=\"698\" src=\"https:\/\/villadeluxe.net\/wp-content\/uploads\/2026\/03\/image-16_1280x900-1024x683.jpg\" alt=\"\" class=\"wp-image-698\" style=\"aspect-ratio:1\" srcset=\"https:\/\/villadeluxe.net\/wp-content\/uploads\/2026\/03\/image-16_1280x900-1024x683.jpg 1024w, https:\/\/villadeluxe.net\/wp-content\/uploads\/2026\/03\/image-16_1280x900-300x200.jpg 300w, https:\/\/villadeluxe.net\/wp-content\/uploads\/2026\/03\/image-16_1280x900-768x512.jpg 768w, https:\/\/villadeluxe.net\/wp-content\/uploads\/2026\/03\/image-16_1280x900.jpg 1350w\" sizes=\"auto, (max-width: 1024px) 100vw, 1024px\" \/><\/figure>\n\n\n\n<figure class=\"wp-block-image size-large ext-animate--on\"><img loading=\"lazy\" decoding=\"async\" width=\"1024\" height=\"683\" data-id=\"700\" src=\"https:\/\/villadeluxe.net\/wp-content\/uploads\/2026\/03\/04-neu-1-1024x683.jpg\" alt=\"\" class=\"wp-image-700\" style=\"aspect-ratio:1\" srcset=\"https:\/\/villadeluxe.net\/wp-content\/uploads\/2026\/03\/04-neu-1-1024x683.jpg 1024w, https:\/\/villadeluxe.net\/wp-content\/uploads\/2026\/03\/04-neu-1-300x200.jpg 300w, https:\/\/villadeluxe.net\/wp-content\/uploads\/2026\/03\/04-neu-1-768x512.jpg 768w, https:\/\/villadeluxe.net\/wp-content\/uploads\/2026\/03\/04-neu-1.jpg 1536w\" sizes=\"auto, (max-width: 1024px) 100vw, 1024px\" \/><\/figure>\n\n\n\n<figure class=\"wp-block-image size-large ext-animate--on\"><img loading=\"lazy\" decoding=\"async\" width=\"1024\" height=\"683\" data-id=\"706\" src=\"https:\/\/villadeluxe.net\/wp-content\/uploads\/2026\/03\/ChatGPT-Image-17.-Feb.-2026-14_20_09-1024x683.jpg\" alt=\"\" class=\"wp-image-706\" style=\"aspect-ratio:1\" srcset=\"https:\/\/villadeluxe.net\/wp-content\/uploads\/2026\/03\/ChatGPT-Image-17.-Feb.-2026-14_20_09-1024x683.jpg 1024w, https:\/\/villadeluxe.net\/wp-content\/uploads\/2026\/03\/ChatGPT-Image-17.-Feb.-2026-14_20_09-300x200.jpg 300w, https:\/\/villadeluxe.net\/wp-content\/uploads\/2026\/03\/ChatGPT-Image-17.-Feb.-2026-14_20_09-768x512.jpg 768w, https:\/\/villadeluxe.net\/wp-content\/uploads\/2026\/03\/ChatGPT-Image-17.-Feb.-2026-14_20_09.jpg 1536w\" sizes=\"auto, (max-width: 1024px) 100vw, 1024px\" \/><\/figure>\n\n\n\n<figure class=\"wp-block-image size-large\"><img loading=\"lazy\" decoding=\"async\" width=\"1024\" height=\"683\" data-id=\"639\" src=\"https:\/\/villadeluxe.net\/wp-content\/uploads\/2026\/03\/ChatGPT-Image-11.-Feb.-2026-17_58_58-1024x683.jpg\" alt=\"\" class=\"wp-image-639\" style=\"aspect-ratio:1\" srcset=\"https:\/\/villadeluxe.net\/wp-content\/uploads\/2026\/03\/ChatGPT-Image-11.-Feb.-2026-17_58_58-1024x683.jpg 1024w, https:\/\/villadeluxe.net\/wp-content\/uploads\/2026\/03\/ChatGPT-Image-11.-Feb.-2026-17_58_58-300x200.jpg 300w, https:\/\/villadeluxe.net\/wp-content\/uploads\/2026\/03\/ChatGPT-Image-11.-Feb.-2026-17_58_58-768x512.jpg 768w, https:\/\/villadeluxe.net\/wp-content\/uploads\/2026\/03\/ChatGPT-Image-11.-Feb.-2026-17_58_58.jpg 1536w\" sizes=\"auto, (max-width: 1024px) 100vw, 1024px\" \/><\/figure>\n\n\n\n<figure class=\"wp-block-image size-large\"><img loading=\"lazy\" decoding=\"async\" width=\"1024\" height=\"683\" data-id=\"631\" src=\"https:\/\/villadeluxe.net\/wp-content\/uploads\/2026\/03\/ChatGPT-Image-19.-Feb.-2026-16_49_59-1024x683.jpg\" alt=\"\" class=\"wp-image-631\" style=\"aspect-ratio:1\" srcset=\"https:\/\/villadeluxe.net\/wp-content\/uploads\/2026\/03\/ChatGPT-Image-19.-Feb.-2026-16_49_59-1024x683.jpg 1024w, https:\/\/villadeluxe.net\/wp-content\/uploads\/2026\/03\/ChatGPT-Image-19.-Feb.-2026-16_49_59-300x200.jpg 300w, https:\/\/villadeluxe.net\/wp-content\/uploads\/2026\/03\/ChatGPT-Image-19.-Feb.-2026-16_49_59-768x512.jpg 768w, https:\/\/villadeluxe.net\/wp-content\/uploads\/2026\/03\/ChatGPT-Image-19.-Feb.-2026-16_49_59.jpg 1536w\" sizes=\"auto, (max-width: 1024px) 100vw, 1024px\" \/><\/figure>\n\n\n\n<figure class=\"wp-block-image size-large\"><img loading=\"lazy\" decoding=\"async\" width=\"1024\" height=\"683\" data-id=\"641\" src=\"https:\/\/villadeluxe.net\/wp-content\/uploads\/2026\/03\/ChatGPT-Image-11.-Feb.-2026-17_27_55-1-1024x683.jpg\" alt=\"\" class=\"wp-image-641\" style=\"aspect-ratio:1\" srcset=\"https:\/\/villadeluxe.net\/wp-content\/uploads\/2026\/03\/ChatGPT-Image-11.-Feb.-2026-17_27_55-1-1024x683.jpg 1024w, https:\/\/villadeluxe.net\/wp-content\/uploads\/2026\/03\/ChatGPT-Image-11.-Feb.-2026-17_27_55-1-300x200.jpg 300w, https:\/\/villadeluxe.net\/wp-content\/uploads\/2026\/03\/ChatGPT-Image-11.-Feb.-2026-17_27_55-1-768x512.jpg 768w, https:\/\/villadeluxe.net\/wp-content\/uploads\/2026\/03\/ChatGPT-Image-11.-Feb.-2026-17_27_55-1.jpg 1536w\" sizes=\"auto, (max-width: 1024px) 100vw, 1024px\" \/><\/figure>\n\n\n\n<figure class=\"wp-block-image size-large\"><img loading=\"lazy\" decoding=\"async\" width=\"1024\" height=\"683\" data-id=\"643\" src=\"https:\/\/villadeluxe.net\/wp-content\/uploads\/2026\/03\/ChatGPT-Image-17.-Feb.-2026-16_39_52-4-1024x683.jpg\" alt=\"\" class=\"wp-image-643\" style=\"aspect-ratio:1\" srcset=\"https:\/\/villadeluxe.net\/wp-content\/uploads\/2026\/03\/ChatGPT-Image-17.-Feb.-2026-16_39_52-4-1024x683.jpg 1024w, https:\/\/villadeluxe.net\/wp-content\/uploads\/2026\/03\/ChatGPT-Image-17.-Feb.-2026-16_39_52-4-300x200.jpg 300w, https:\/\/villadeluxe.net\/wp-content\/uploads\/2026\/03\/ChatGPT-Image-17.-Feb.-2026-16_39_52-4-768x512.jpg 768w, https:\/\/villadeluxe.net\/wp-content\/uploads\/2026\/03\/ChatGPT-Image-17.-Feb.-2026-16_39_52-4.jpg 1536w\" sizes=\"auto, (max-width: 1024px) 100vw, 1024px\" \/><\/figure>\n\n\n\n<figure class=\"wp-block-image size-large\"><img loading=\"lazy\" decoding=\"async\" width=\"683\" height=\"1024\" data-id=\"635\" src=\"https:\/\/villadeluxe.net\/wp-content\/uploads\/2026\/03\/image-20_1280x900-3-683x1024.jpg\" alt=\"\" class=\"wp-image-635\" style=\"aspect-ratio:1\" srcset=\"https:\/\/villadeluxe.net\/wp-content\/uploads\/2026\/03\/image-20_1280x900-3-683x1024.jpg 683w, https:\/\/villadeluxe.net\/wp-content\/uploads\/2026\/03\/image-20_1280x900-3-200x300.jpg 200w, https:\/\/villadeluxe.net\/wp-content\/uploads\/2026\/03\/image-20_1280x900-3-768x1152.jpg 768w, https:\/\/villadeluxe.net\/wp-content\/uploads\/2026\/03\/image-20_1280x900-3-1024x1536.jpg 1024w, https:\/\/villadeluxe.net\/wp-content\/uploads\/2026\/03\/image-20_1280x900-3.jpg 1280w\" sizes=\"auto, (max-width: 683px) 100vw, 683px\" \/><\/figure>\n\n\n\n<figure class=\"wp-block-image size-large ext-animate--on\"><img loading=\"lazy\" decoding=\"async\" width=\"1024\" height=\"683\" data-id=\"702\" src=\"https:\/\/villadeluxe.net\/wp-content\/uploads\/2026\/03\/suite-04-new-1024x683.jpg\" alt=\"\" class=\"wp-image-702\" style=\"aspect-ratio:1\" srcset=\"https:\/\/villadeluxe.net\/wp-content\/uploads\/2026\/03\/suite-04-new-1024x683.jpg 1024w, https:\/\/villadeluxe.net\/wp-content\/uploads\/2026\/03\/suite-04-new-300x200.jpg 300w, https:\/\/villadeluxe.net\/wp-content\/uploads\/2026\/03\/suite-04-new-768x512.jpg 768w, https:\/\/villadeluxe.net\/wp-content\/uploads\/2026\/03\/suite-04-new.jpg 1536w\" sizes=\"auto, (max-width: 1024px) 100vw, 1024px\" \/><\/figure>\n\n\n\n<figure class=\"wp-block-image size-full ext-animate--on\"><img loading=\"lazy\" decoding=\"async\" width=\"1536\" height=\"1024\" data-id=\"705\" src=\"https:\/\/villadeluxe.net\/wp-content\/uploads\/2026\/03\/ChatGPT-Image-21.-Feb.-2026-12_46_20-1.jpg\" alt=\"\" class=\"wp-image-705\" style=\"aspect-ratio:1\"\/><\/figure>\n\n\n\n<figure class=\"wp-block-image size-large\"><img loading=\"lazy\" decoding=\"async\" width=\"1024\" height=\"683\" data-id=\"608\" src=\"https:\/\/villadeluxe.net\/wp-content\/uploads\/2026\/03\/image-28-1024x683.jpg\" alt=\"\" class=\"wp-image-608\" style=\"aspect-ratio:1\" srcset=\"https:\/\/villadeluxe.net\/wp-content\/uploads\/2026\/03\/image-28-1024x683.jpg 1024w, https:\/\/villadeluxe.net\/wp-content\/uploads\/2026\/03\/image-28-300x200.jpg 300w, https:\/\/villadeluxe.net\/wp-content\/uploads\/2026\/03\/image-28-768x512.jpg 768w, https:\/\/villadeluxe.net\/wp-content\/uploads\/2026\/03\/image-28.jpg 1248w\" sizes=\"auto, (max-width: 1024px) 100vw, 1024px\" \/><\/figure>\n\n\n\n<figure class=\"wp-block-image size-medium ext-animate--on\"><img loading=\"lazy\" decoding=\"async\" width=\"300\" height=\"300\" data-id=\"105\" src=\"https:\/\/villadeluxe.net\/wp-content\/uploads\/2026\/03\/ChatGPT-Image-17.-Feb.-2026-15_25_23-300x300.jpg\" alt=\"\" class=\"wp-image-105\" style=\"aspect-ratio:1\" srcset=\"https:\/\/villadeluxe.net\/wp-content\/uploads\/2026\/03\/ChatGPT-Image-17.-Feb.-2026-15_25_23-300x300.jpg 300w, https:\/\/villadeluxe.net\/wp-content\/uploads\/2026\/03\/ChatGPT-Image-17.-Feb.-2026-15_25_23-150x150.jpg 150w, https:\/\/villadeluxe.net\/wp-content\/uploads\/2026\/03\/ChatGPT-Image-17.-Feb.-2026-15_25_23-768x768.jpg 768w, https:\/\/villadeluxe.net\/wp-content\/uploads\/2026\/03\/ChatGPT-Image-17.-Feb.-2026-15_25_23.jpg 1024w\" sizes=\"auto, (max-width: 300px) 100vw, 300px\" \/><\/figure>\n\n\n\n<figure class=\"wp-block-image size-large ext-animate--on\"><img loading=\"lazy\" decoding=\"async\" width=\"1024\" height=\"683\" data-id=\"106\" src=\"https:\/\/villadeluxe.net\/wp-content\/uploads\/2026\/03\/ChatGPT-Image-17.-Feb.-2026-15_26_19-1024x683.jpg\" alt=\"\" class=\"wp-image-106\" style=\"aspect-ratio:1\" srcset=\"https:\/\/villadeluxe.net\/wp-content\/uploads\/2026\/03\/ChatGPT-Image-17.-Feb.-2026-15_26_19-1024x683.jpg 1024w, https:\/\/villadeluxe.net\/wp-content\/uploads\/2026\/03\/ChatGPT-Image-17.-Feb.-2026-15_26_19-300x200.jpg 300w, https:\/\/villadeluxe.net\/wp-content\/uploads\/2026\/03\/ChatGPT-Image-17.-Feb.-2026-15_26_19-768x512.jpg 768w, https:\/\/villadeluxe.net\/wp-content\/uploads\/2026\/03\/ChatGPT-Image-17.-Feb.-2026-15_26_19.jpg 1536w\" sizes=\"auto, (max-width: 1024px) 100vw, 1024px\" \/><\/figure>\n\n\n\n<figure class=\"wp-block-image size-large ext-animate--on\"><img loading=\"lazy\" decoding=\"async\" width=\"1536\" height=\"1024\" data-id=\"107\" src=\"https:\/\/villadeluxe.net\/wp-content\/uploads\/2026\/03\/ChatGPT-Image-17.-Feb.-2026-15_32_48.jpg\" alt=\"\" class=\"wp-image-107\" style=\"aspect-ratio:1\"\/><\/figure>\n\n\n\n<figure class=\"wp-block-image size-large ext-animate--on\"><img loading=\"lazy\" decoding=\"async\" width=\"1024\" height=\"683\" data-id=\"103\" src=\"https:\/\/villadeluxe.net\/wp-content\/uploads\/2026\/03\/ChatGPT-Image-17.-Feb.-2026-14_34_15-1-1024x683.jpg\" alt=\"\" class=\"wp-image-103\" style=\"aspect-ratio:1\" srcset=\"https:\/\/villadeluxe.net\/wp-content\/uploads\/2026\/03\/ChatGPT-Image-17.-Feb.-2026-14_34_15-1-1024x683.jpg 1024w, https:\/\/villadeluxe.net\/wp-content\/uploads\/2026\/03\/ChatGPT-Image-17.-Feb.-2026-14_34_15-1-300x200.jpg 300w, https:\/\/villadeluxe.net\/wp-content\/uploads\/2026\/03\/ChatGPT-Image-17.-Feb.-2026-14_34_15-1-768x512.jpg 768w, https:\/\/villadeluxe.net\/wp-content\/uploads\/2026\/03\/ChatGPT-Image-17.-Feb.-2026-14_34_15-1.jpg 1536w\" sizes=\"auto, (max-width: 1024px) 100vw, 1024px\" \/><\/figure>\n\n\n\n<figure class=\"wp-block-image size-medium\"><img loading=\"lazy\" decoding=\"async\" width=\"225\" height=\"300\" data-id=\"1095\" src=\"https:\/\/villadeluxe.net\/wp-content\/uploads\/2026\/03\/02-04-225x300.jpg\" alt=\"\" class=\"wp-image-1095\" style=\"aspect-ratio:1\" srcset=\"https:\/\/villadeluxe.net\/wp-content\/uploads\/2026\/03\/02-04-225x300.jpg 225w, https:\/\/villadeluxe.net\/wp-content\/uploads\/2026\/03\/02-04.jpg 600w\" sizes=\"auto, (max-width: 225px) 100vw, 225px\" \/><\/figure>\n\n\n\n<figure class=\"wp-block-image size-large\"><img loading=\"lazy\" decoding=\"async\" width=\"1024\" height=\"683\" data-id=\"604\" src=\"https:\/\/villadeluxe.net\/wp-content\/uploads\/2026\/03\/sonnenuntergang-1-2-1024x683.jpg\" alt=\"\" class=\"wp-image-604\" style=\"aspect-ratio:1\" srcset=\"https:\/\/villadeluxe.net\/wp-content\/uploads\/2026\/03\/sonnenuntergang-1-2-1024x683.jpg 1024w, https:\/\/villadeluxe.net\/wp-content\/uploads\/2026\/03\/sonnenuntergang-1-2-300x200.jpg 300w, https:\/\/villadeluxe.net\/wp-content\/uploads\/2026\/03\/sonnenuntergang-1-2-768x512.jpg 768w, https:\/\/villadeluxe.net\/wp-content\/uploads\/2026\/03\/sonnenuntergang-1-2.jpg 1536w\" sizes=\"auto, (max-width: 1024px) 100vw, 1024px\" \/><\/figure>\n\n\n\n<figure class=\"wp-block-image size-large\"><img loading=\"lazy\" decoding=\"async\" width=\"1024\" height=\"361\" data-id=\"1176\" src=\"https:\/\/villadeluxe.net\/wp-content\/uploads\/2026\/03\/image-33-1024x361.jpg\" alt=\"\" class=\"wp-image-1176\" style=\"aspect-ratio:1\" srcset=\"https:\/\/villadeluxe.net\/wp-content\/uploads\/2026\/03\/image-33-1024x361.jpg 1024w, https:\/\/villadeluxe.net\/wp-content\/uploads\/2026\/03\/image-33-300x106.jpg 300w, https:\/\/villadeluxe.net\/wp-content\/uploads\/2026\/03\/image-33-768x271.jpg 768w, https:\/\/villadeluxe.net\/wp-content\/uploads\/2026\/03\/image-33.jpg 1408w\" sizes=\"auto, (max-width: 1024px) 100vw, 1024px\" \/><\/figure>\n<\/figure>\n\n\n\n<figure class=\"wp-block-image alignwide size-large\"><img loading=\"lazy\" decoding=\"async\" width=\"1024\" height=\"683\" src=\"https:\/\/villadeluxe.net\/wp-content\/uploads\/2026\/03\/ChatGPT-Image-19.-Feb.-2026-16_55_50-1024x683.jpg\" alt=\"\" class=\"wp-image-867\" srcset=\"https:\/\/villadeluxe.net\/wp-content\/uploads\/2026\/03\/ChatGPT-Image-19.-Feb.-2026-16_55_50-1024x683.jpg 1024w, https:\/\/villadeluxe.net\/wp-content\/uploads\/2026\/03\/ChatGPT-Image-19.-Feb.-2026-16_55_50-300x200.jpg 300w, https:\/\/villadeluxe.net\/wp-content\/uploads\/2026\/03\/ChatGPT-Image-19.-Feb.-2026-16_55_50-768x512.jpg 768w, https:\/\/villadeluxe.net\/wp-content\/uploads\/2026\/03\/ChatGPT-Image-19.-Feb.-2026-16_55_50.jpg 1536w\" sizes=\"auto, (max-width: 1024px) 100vw, 1024px\" \/><\/figure>\n\n\n\n<p class=\"ext-animate--on\"><\/p>\n\n\n\n<div class=\"wp-block-gutsliders-photo-carousel alignwide gutslider-630a91fd nav_outside nav_cc has__pagination ext-animate--on\" data-swiper-options=\"{&quot;slidesPerView&quot;:1,&quot;spaceBetween&quot;:0,&quot;loop&quot;:true,&quot;autoplay&quot;:false,&quot;speed&quot;:800,&quot;effect&quot;:&quot;slide&quot;,&quot;keyboard&quot;:{&quot;enabled&quot;:false},&quot;mousewheel&quot;:false,&quot;breakpoints&quot;:{&quot;320&quot;:{&quot;slidesPerView&quot;:&quot;1&quot;,&quot;spaceBetween&quot;:10},&quot;768&quot;:{&quot;slidesPerView&quot;:&quot;1&quot;,&quot;spaceBetween&quot;:10},&quot;1025&quot;:{&quot;slidesPerView&quot;:&quot;2&quot;,&quot;spaceBetween&quot;:10}},&quot;navigation&quot;:{&quot;nextEl&quot;:&quot;.gutslider-630a91fd .swiper-button-next&quot;,&quot;prevEl&quot;:&quot;.gutslider-630a91fd .swiper-button-prev&quot;},&quot;pagination&quot;:{&quot;el&quot;:&quot;.gutslider-630a91fd .swiper-pagination&quot;,&quot;type&quot;:&quot;bullets&quot;,&quot;dynamicBullets&quot;:false,&quot;clickable&quot;:true}}\"><div class=\"swiper\"><div class=\"swiper-wrapper\"><a class=\"swiper-slide\" data-fslightbox=\"gallery\" href=\"https:\/\/villadeluxe.net\/wp-content\/uploads\/2026\/03\/sunrise-pool-1.jpg\"><div class=\"swiper-container-outer none\"><img loading=\"lazy\" decoding=\"async\" width=\"1536\" height=\"1024\" src=\"https:\/\/villadeluxe.net\/wp-content\/uploads\/2026\/03\/sunrise-pool-1.jpg\" alt=\"\" class=\"wp-image-1904\" srcset=\"https:\/\/villadeluxe.net\/wp-content\/uploads\/2026\/03\/sunrise-pool-1.jpg 1536w, https:\/\/villadeluxe.net\/wp-content\/uploads\/2026\/03\/sunrise-pool-1-300x200.jpg 300w, https:\/\/villadeluxe.net\/wp-content\/uploads\/2026\/03\/sunrise-pool-1-1024x683.jpg 1024w, https:\/\/villadeluxe.net\/wp-content\/uploads\/2026\/03\/sunrise-pool-1-768x512.jpg 768w\" sizes=\"auto, (max-width: 1536px) 100vw, 1536px\" \/><\/div><\/a><a class=\"swiper-slide\" data-fslightbox=\"gallery\" href=\"https:\/\/villadeluxe.net\/wp-content\/uploads\/2026\/03\/Sunrise.jpg\"><div class=\"swiper-container-outer none\"><img loading=\"lazy\" decoding=\"async\" width=\"1536\" height=\"1024\" src=\"https:\/\/villadeluxe.net\/wp-content\/uploads\/2026\/03\/Sunrise.jpg\" alt=\"\" class=\"wp-image-861\" srcset=\"https:\/\/villadeluxe.net\/wp-content\/uploads\/2026\/03\/Sunrise.jpg 1536w, https:\/\/villadeluxe.net\/wp-content\/uploads\/2026\/03\/Sunrise-300x200.jpg 300w, https:\/\/villadeluxe.net\/wp-content\/uploads\/2026\/03\/Sunrise-1024x683.jpg 1024w, https:\/\/villadeluxe.net\/wp-content\/uploads\/2026\/03\/Sunrise-768x512.jpg 768w\" sizes=\"auto, (max-width: 1536px) 100vw, 1536px\" \/><\/div><\/a><a class=\"swiper-slide\" data-fslightbox=\"gallery\" href=\"https:\/\/villadeluxe.net\/wp-content\/uploads\/2026\/03\/image-3.jpg\"><div class=\"swiper-container-outer none\"><img loading=\"lazy\" decoding=\"async\" width=\"2560\" height=\"1876\" src=\"https:\/\/villadeluxe.net\/wp-content\/uploads\/2026\/03\/image-3.jpg\" alt=\"\" class=\"wp-image-838\" srcset=\"https:\/\/villadeluxe.net\/wp-content\/uploads\/2026\/03\/image-3.jpg 2560w, https:\/\/villadeluxe.net\/wp-content\/uploads\/2026\/03\/image-3-300x220.jpg 300w, https:\/\/villadeluxe.net\/wp-content\/uploads\/2026\/03\/image-3-1024x750.jpg 1024w, https:\/\/villadeluxe.net\/wp-content\/uploads\/2026\/03\/image-3-768x563.jpg 768w, https:\/\/villadeluxe.net\/wp-content\/uploads\/2026\/03\/image-3-1536x1126.jpg 1536w, https:\/\/villadeluxe.net\/wp-content\/uploads\/2026\/03\/image-3-2048x1501.jpg 2048w\" sizes=\"auto, (max-width: 2560px) 100vw, 2560px\" \/><\/div><\/a><\/div><\/div><div class=\"swiper-pagination\"><\/div><div class=\"gutslider-nav nav_outside nav_cc\"><div class=\"swiper-button-prev\"><\/div><div class=\"swiper-button-next\"><\/div><\/div><\/div>","protected":false},"excerpt":{"rendered":"<p>Poolblick Gr\u00f6\u00dfe: 45 qm (2-4 Personen) Zimmer: 1 Schlafzimmer, 1 Wohnzimmer, 2 Balkone, K\u00fcche, Bad 2 x w\u00f6chentlich Refreshment<\/p>","protected":false},"author":1,"featured_media":0,"parent":0,"menu_order":0,"comment_status":"closed","ping_status":"closed","template":"page-with-title","meta":{"footnotes":""},"class_list":["post-182","page","type-page","status-publish","hentry"],"_links":{"self":[{"href":"https:\/\/villadeluxe.net\/en\/wp-json\/wp\/v2\/pages\/182","targetHints":{"allow":["GET"]}}],"collection":[{"href":"https:\/\/villadeluxe.net\/en\/wp-json\/wp\/v2\/pages"}],"about":[{"href":"https:\/\/villadeluxe.net\/en\/wp-json\/wp\/v2\/types\/page"}],"author":[{"embeddable":true,"href":"https:\/\/villadeluxe.net\/en\/wp-json\/wp\/v2\/users\/1"}],"replies":[{"embeddable":true,"href":"https:\/\/villadeluxe.net\/en\/wp-json\/wp\/v2\/comments?post=182"}],"version-history":[{"count":100,"href":"https:\/\/villadeluxe.net\/en\/wp-json\/wp\/v2\/pages\/182\/revisions"}],"predecessor-version":[{"id":2622,"href":"https:\/\/villadeluxe.net\/en\/wp-json\/wp\/v2\/pages\/182\/revisions\/2622"}],"wp:attachment":[{"href":"https:\/\/villadeluxe.net\/en\/wp-json\/wp\/v2\/media?parent=182"}],"curies":[{"name":"wp","href":"https:\/\/api.w.org\/{rel}","templated":true}]}}