{"id":34,"date":"2026-03-01T10:39:18","date_gmt":"2026-03-01T10:39:18","guid":{"rendered":"https:\/\/villadeluxe.net\/buchung\/"},"modified":"2026-03-17T09:26:21","modified_gmt":"2026-03-17T09:26:21","slug":"apartments","status":"publish","type":"page","link":"https:\/\/villadeluxe.net\/en\/apartments\/","title":{"rendered":"Apartments"},"content":{"rendered":"<div class=\"wp-block-group alignfull is-style-ext-preset--group--natural-1--section has-tertiary-background-color has-background has-global-padding is-layout-constrained wp-container-core-group-is-layout-e955bbaf wp-block-group-is-layout-constrained is-style-ext-preset--group--natural-1--section--1\" style=\"margin-top:0;margin-bottom:0;padding-top:var(--wp--preset--spacing--70);padding-bottom:var(--wp--preset--spacing--70)\">\n<div class=\"wp-block-group alignwide ext-is-logical-start has-global-padding is-content-justification-left is-layout-constrained wp-container-core-group-is-layout-20186816 wp-block-group-is-layout-constrained\">\n<h2 class=\"wp-block-heading has-text-align-left ext-animate--on\">Luxurious flats with heated saltwater pool<\/h2>\n\n\n\n<p class=\"has-text-align-left ext-animate--on\" style=\"margin-top:1.5rem\">Book your dream flat easily online with secure payments.<\/p>\n\n\n\n<p class=\"ext-animate--on\"><\/p>\n<\/div>\n\n\n\n<div class=\"wp-block-columns alignwide is-layout-flex wp-container-core-columns-is-layout-28f84493 wp-block-columns-is-layout-flex\">\n<div class=\"wp-block-column is-vertically-aligned-stretch ext-animate--on is-layout-flow wp-block-column-is-layout-flow\">\n<div class=\"wp-block-group is-style-ext-preset--group--natural-1--item-card-1--align-start has-background-background-color has-background is-vertical is-content-justification-stretch is-layout-flex wp-container-core-group-is-layout-4cb539e6 wp-block-group-is-layout-flex is-style-ext-preset--group--natural-1--item-card-1--align-start--2\" style=\"min-height:100%;padding-top:0;padding-right:0;padding-bottom:0;padding-left:0\">\n<figure class=\"wp-block-gallery has-nested-images columns-default is-cropped ext-animate--on wp-block-gallery-3 is-layout-flex wp-block-gallery-is-layout-flex\">\n<figure class=\"wp-block-image size-large ext-animate--on\"><img loading=\"lazy\" decoding=\"async\" width=\"1024\" height=\"683\" data-id=\"500\" src=\"https:\/\/villadeluxe.net\/wp-content\/uploads\/2026\/03\/Herobild-6-2-1024x683.jpg\" alt=\"\" class=\"wp-image-500\" style=\"object-fit:cover\" srcset=\"https:\/\/villadeluxe.net\/wp-content\/uploads\/2026\/03\/Herobild-6-2-1024x683.jpg 1024w, https:\/\/villadeluxe.net\/wp-content\/uploads\/2026\/03\/Herobild-6-2-300x200.jpg 300w, https:\/\/villadeluxe.net\/wp-content\/uploads\/2026\/03\/Herobild-6-2-768x512.jpg 768w, https:\/\/villadeluxe.net\/wp-content\/uploads\/2026\/03\/Herobild-6-2.jpg 1536w\" sizes=\"auto, (max-width: 1024px) 100vw, 1024px\" \/><\/figure>\n<\/figure>\n\n\n\n<div class=\"wp-block-group is-style-default ext-animate--on wp-container-content-9cfa9a5a is-vertical is-content-justification-stretch is-layout-flex wp-container-core-group-is-layout-d1099038 wp-block-group-is-layout-flex\" style=\"margin-top:0;padding-top:1.5rem;padding-right:1.5rem;padding-bottom:1.5rem;padding-left:1.5rem\">\n<div class=\"wp-block-columns is-not-stacked-on-mobile ext-animate--on is-layout-flex wp-container-core-columns-is-layout-ea69a204 wp-block-columns-is-layout-flex\">\n<div class=\"wp-block-column ext-animate--on is-layout-flow wp-block-column-is-layout-flow\" style=\"flex-basis:66.66%\">\n<h3 class=\"wp-block-heading ext-animate--on has-medium-font-size\">SUPERIOR 1<\/h3>\n\n\n\n<p class=\"ext-animate--on\" style=\"margin-top:4px;margin-bottom:0;font-size:14px\">3-room apartment pool view<\/p>\n<\/div>\n\n\n\n<div class=\"wp-block-column ext-animate--on is-layout-flow wp-block-column-is-layout-flow\" style=\"flex-basis:33.33%\">\n<h3 class=\"wp-block-heading has-text-align-right ext-animate--on\" style=\"font-size:clamp(14px, 0.875rem + ((1vw - 3.2px) * 0.625), 20px);\">from 140 \u20ac<\/h3>\n<\/div>\n<\/div>\n<\/div>\n\n\n\n<div class=\"wp-block-buttons ext-animate--on is-layout-flex wp-block-buttons-is-layout-flex\">\n<div class=\"wp-block-button has-custom-width wp-block-button__width-100 ext-animate--on\"><a class=\"wp-block-button__link wp-element-button\" href=\"https:\/\/villadeluxe.net\/en\/superior-01\/\">Info &amp; Booking<\/a><\/div>\n<\/div>\n<\/div>\n<\/div>\n\n\n\n<div class=\"wp-block-column is-vertically-aligned-stretch ext-animate--on is-layout-flow wp-block-column-is-layout-flow\">\n<div class=\"wp-block-group is-style-ext-preset--group--natural-1--item-card-1--align-start ext-animate--on has-background-background-color has-background is-vertical is-content-justification-stretch is-layout-flex wp-container-core-group-is-layout-4cb539e6 wp-block-group-is-layout-flex is-style-ext-preset--group--natural-1--item-card-1--align-start--4\" style=\"min-height:100%;padding-top:0;padding-right:0;padding-bottom:0;padding-left:0\">\n<figure class=\"wp-block-image size-large ext-animate--on\"><img loading=\"lazy\" decoding=\"async\" width=\"1024\" height=\"683\" src=\"https:\/\/villadeluxe.net\/wp-content\/uploads\/2026\/03\/Herobild-4-1-1024x683.jpg\" alt=\"\" class=\"wp-image-1877\" style=\"aspect-ratio:3\/2;object-fit:cover\" srcset=\"https:\/\/villadeluxe.net\/wp-content\/uploads\/2026\/03\/Herobild-4-1-1024x683.jpg 1024w, https:\/\/villadeluxe.net\/wp-content\/uploads\/2026\/03\/Herobild-4-1-300x200.jpg 300w, https:\/\/villadeluxe.net\/wp-content\/uploads\/2026\/03\/Herobild-4-1-768x512.jpg 768w, https:\/\/villadeluxe.net\/wp-content\/uploads\/2026\/03\/Herobild-4-1.jpg 1536w\" sizes=\"auto, (max-width: 1024px) 100vw, 1024px\" \/><\/figure>\n\n\n\n<div class=\"wp-block-group is-style-default ext-animate--on wp-container-content-9cfa9a5a is-vertical is-content-justification-stretch is-layout-flex wp-container-core-group-is-layout-d1099038 wp-block-group-is-layout-flex\" style=\"margin-top:0;padding-top:1.5rem;padding-right:1.5rem;padding-bottom:1.5rem;padding-left:1.5rem\">\n<div class=\"wp-block-columns is-not-stacked-on-mobile ext-animate--on is-layout-flex wp-container-core-columns-is-layout-ea69a204 wp-block-columns-is-layout-flex\">\n<div class=\"wp-block-column ext-animate--on is-layout-flow wp-block-column-is-layout-flow\" style=\"flex-basis:66.66%\">\n<h3 class=\"wp-block-heading ext-animate--on has-medium-font-size\">SUITE 2<\/h3>\n\n\n\n<p class=\"ext-animate--on\" style=\"margin-top:4px;margin-bottom:0;font-size:14px\">2-room apartment pool view<\/p>\n<\/div>\n\n\n\n<div class=\"wp-block-column ext-animate--on is-layout-flow wp-block-column-is-layout-flow\" style=\"flex-basis:33.33%\">\n<h3 class=\"wp-block-heading has-text-align-right ext-animate--on\" style=\"font-size:clamp(14px, 0.875rem + ((1vw - 3.2px) * 0.625), 20px);\">from 90 \u20ac<\/h3>\n<\/div>\n<\/div>\n<\/div>\n\n\n\n<div class=\"wp-block-buttons ext-animate--on is-layout-flex wp-block-buttons-is-layout-flex\">\n<div class=\"wp-block-button has-custom-width wp-block-button__width-100 ext-animate--on\"><a class=\"wp-block-button__link wp-element-button\" href=\"https:\/\/villadeluxe.net\/en\/suite-02\/\">Info &amp; Booking<\/a><\/div>\n<\/div>\n<\/div>\n<\/div>\n\n\n\n<div class=\"wp-block-column is-vertically-aligned-stretch ext-animate--on is-layout-flow wp-block-column-is-layout-flow\">\n<div class=\"wp-block-group is-style-ext-preset--group--natural-1--item-card-1--align-start ext-animate--on has-background-background-color has-background is-vertical is-content-justification-stretch is-layout-flex wp-container-core-group-is-layout-4cb539e6 wp-block-group-is-layout-flex is-style-ext-preset--group--natural-1--item-card-1--align-start--5\" style=\"min-height:100%;padding-top:0;padding-right:0;padding-bottom:0;padding-left:0\">\n<figure class=\"wp-block-image size-large ext-animate--on\"><img loading=\"lazy\" decoding=\"async\" width=\"1024\" height=\"683\" src=\"https:\/\/villadeluxe.net\/wp-content\/uploads\/2026\/03\/ChatGPT-Image-23.-Feb.-2026-08_55_05-2-1024x683.jpg\" alt=\"\" class=\"wp-image-556\" style=\"aspect-ratio:3\/2;object-fit:cover\" srcset=\"https:\/\/villadeluxe.net\/wp-content\/uploads\/2026\/03\/ChatGPT-Image-23.-Feb.-2026-08_55_05-2-1024x683.jpg 1024w, https:\/\/villadeluxe.net\/wp-content\/uploads\/2026\/03\/ChatGPT-Image-23.-Feb.-2026-08_55_05-2-300x200.jpg 300w, https:\/\/villadeluxe.net\/wp-content\/uploads\/2026\/03\/ChatGPT-Image-23.-Feb.-2026-08_55_05-2-768x512.jpg 768w, https:\/\/villadeluxe.net\/wp-content\/uploads\/2026\/03\/ChatGPT-Image-23.-Feb.-2026-08_55_05-2.jpg 1536w\" sizes=\"auto, (max-width: 1024px) 100vw, 1024px\" \/><\/figure>\n\n\n\n<div class=\"wp-block-group is-style-default ext-animate--on wp-container-content-9cfa9a5a is-vertical is-content-justification-stretch is-layout-flex wp-container-core-group-is-layout-d1099038 wp-block-group-is-layout-flex\" style=\"margin-top:0;padding-top:1.5rem;padding-right:1.5rem;padding-bottom:1.5rem;padding-left:1.5rem\">\n<div class=\"wp-block-columns is-not-stacked-on-mobile ext-animate--on is-layout-flex wp-container-core-columns-is-layout-ea69a204 wp-block-columns-is-layout-flex\">\n<div class=\"wp-block-column ext-animate--on is-layout-flow wp-block-column-is-layout-flow\" style=\"flex-basis:66.66%\">\n<h3 class=\"wp-block-heading ext-animate--on has-medium-font-size\">SUPERIOR 3<\/h3>\n\n\n\n<p class=\"ext-animate--on\" style=\"margin-top:4px;margin-bottom:0;font-size:14px\">3-room apartment pool view<\/p>\n<\/div>\n\n\n\n<div class=\"wp-block-column ext-animate--on is-layout-flow wp-block-column-is-layout-flow\" style=\"flex-basis:33.33%\">\n<h3 class=\"wp-block-heading has-text-align-right ext-animate--on\" style=\"font-size:clamp(14px, 0.875rem + ((1vw - 3.2px) * 0.625), 20px);\">from 150 \u20ac<\/h3>\n<\/div>\n<\/div>\n<\/div>\n\n\n\n<div class=\"wp-block-buttons ext-animate--on is-layout-flex wp-block-buttons-is-layout-flex\">\n<div class=\"wp-block-button has-custom-width wp-block-button__width-100 ext-animate--on\"><a class=\"wp-block-button__link wp-element-button\" href=\"https:\/\/villadeluxe.net\/en\/superior-03\/\">Info &amp; Booking<\/a><\/div>\n<\/div>\n<\/div>\n<\/div>\n<\/div>\n\n\n\n<div class=\"wp-block-columns alignwide ext-animate--on is-layout-flex wp-container-core-columns-is-layout-28f84493 wp-block-columns-is-layout-flex\">\n<div class=\"wp-block-column is-vertically-aligned-stretch ext-animate--on is-layout-flow wp-block-column-is-layout-flow\">\n<div class=\"wp-block-group is-style-ext-preset--group--natural-1--item-card-1--align-start ext-animate--on has-background-background-color has-background is-vertical is-content-justification-stretch is-layout-flex wp-container-core-group-is-layout-4cb539e6 wp-block-group-is-layout-flex is-style-ext-preset--group--natural-1--item-card-1--align-start--6\" style=\"min-height:100%;padding-top:0;padding-right:0;padding-bottom:0;padding-left:0\">\n<figure class=\"wp-block-image size-large ext-animate--on\"><img loading=\"lazy\" decoding=\"async\" width=\"1024\" height=\"683\" src=\"https:\/\/villadeluxe.net\/wp-content\/uploads\/2026\/03\/Herobild-9-1024x683.jpg\" alt=\"\" class=\"wp-image-693\" style=\"aspect-ratio:3\/2;object-fit:cover\" srcset=\"https:\/\/villadeluxe.net\/wp-content\/uploads\/2026\/03\/Herobild-9-1024x683.jpg 1024w, https:\/\/villadeluxe.net\/wp-content\/uploads\/2026\/03\/Herobild-9-300x200.jpg 300w, https:\/\/villadeluxe.net\/wp-content\/uploads\/2026\/03\/Herobild-9-768x512.jpg 768w, https:\/\/villadeluxe.net\/wp-content\/uploads\/2026\/03\/Herobild-9.jpg 1536w\" sizes=\"auto, (max-width: 1024px) 100vw, 1024px\" \/><\/figure>\n\n\n\n<div class=\"wp-block-group is-style-default ext-animate--on wp-container-content-9cfa9a5a is-vertical is-content-justification-stretch is-layout-flex wp-container-core-group-is-layout-d1099038 wp-block-group-is-layout-flex\" style=\"margin-top:0;padding-top:1.5rem;padding-right:1.5rem;padding-bottom:1.5rem;padding-left:1.5rem\">\n<div class=\"wp-block-columns is-not-stacked-on-mobile ext-animate--on is-layout-flex wp-container-core-columns-is-layout-ea69a204 wp-block-columns-is-layout-flex\">\n<div class=\"wp-block-column ext-animate--on is-layout-flow wp-block-column-is-layout-flow\" style=\"flex-basis:66.66%\">\n<h3 class=\"wp-block-heading ext-animate--on has-medium-font-size\">SUITE 4<\/h3>\n\n\n\n<p class=\"ext-animate--on\">2-room apartment pool view<\/p>\n<\/div>\n\n\n\n<div class=\"wp-block-column ext-animate--on is-layout-flow wp-block-column-is-layout-flow\" style=\"flex-basis:33.33%\">\n<h3 class=\"wp-block-heading has-text-align-right ext-animate--on\" style=\"font-size:clamp(14px, 0.875rem + ((1vw - 3.2px) * 0.625), 20px);\">from 100 \u20ac<\/h3>\n<\/div>\n<\/div>\n<\/div>\n\n\n\n<div class=\"wp-block-buttons ext-animate--on is-layout-flex wp-block-buttons-is-layout-flex\">\n<div class=\"wp-block-button has-custom-width wp-block-button__width-100 ext-animate--on\"><a class=\"wp-block-button__link wp-element-button\" href=\"https:\/\/villadeluxe.net\/en\/suite-04\/\">Info &amp; Booking<\/a><\/div>\n<\/div>\n<\/div>\n<\/div>\n\n\n\n<div class=\"wp-block-column is-vertically-aligned-stretch ext-animate--on is-layout-flow wp-block-column-is-layout-flow\">\n<div class=\"wp-block-group is-style-ext-preset--group--natural-1--item-card-1--align-start ext-animate--on has-background-background-color has-background is-vertical is-content-justification-stretch is-layout-flex wp-container-core-group-is-layout-4cb539e6 wp-block-group-is-layout-flex is-style-ext-preset--group--natural-1--item-card-1--align-start--7\" style=\"min-height:100%;padding-top:0;padding-right:0;padding-bottom:0;padding-left:0\">\n<figure class=\"wp-block-image size-large ext-animate--on\"><img loading=\"lazy\" decoding=\"async\" width=\"1024\" height=\"683\" src=\"https:\/\/villadeluxe.net\/wp-content\/uploads\/2026\/03\/DLX-new-1-1024x683.jpg\" alt=\"\" class=\"wp-image-811\" style=\"aspect-ratio:3\/2;object-fit:cover\" srcset=\"https:\/\/villadeluxe.net\/wp-content\/uploads\/2026\/03\/DLX-new-1-1024x683.jpg 1024w, https:\/\/villadeluxe.net\/wp-content\/uploads\/2026\/03\/DLX-new-1-300x200.jpg 300w, https:\/\/villadeluxe.net\/wp-content\/uploads\/2026\/03\/DLX-new-1-768x512.jpg 768w, https:\/\/villadeluxe.net\/wp-content\/uploads\/2026\/03\/DLX-new-1.jpg 1536w\" sizes=\"auto, (max-width: 1024px) 100vw, 1024px\" \/><\/figure>\n\n\n\n<div class=\"wp-block-group is-style-default ext-animate--on wp-container-content-9cfa9a5a is-vertical is-content-justification-stretch is-layout-flex wp-container-core-group-is-layout-d1099038 wp-block-group-is-layout-flex\" style=\"margin-top:0;padding-top:1.5rem;padding-right:1.5rem;padding-bottom:1.5rem;padding-left:1.5rem\">\n<div class=\"wp-block-columns is-not-stacked-on-mobile ext-animate--on is-layout-flex wp-container-core-columns-is-layout-ea69a204 wp-block-columns-is-layout-flex\">\n<div class=\"wp-block-column ext-animate--on is-layout-flow wp-block-column-is-layout-flow\" style=\"flex-basis:66.66%\">\n<h3 class=\"wp-block-heading ext-animate--on has-medium-font-size\">Deluxe<\/h3>\n\n\n\n<p class=\"ext-animate--on\" style=\"margin-top:4px;margin-bottom:0;font-size:14px\">4-room apartment poolside<\/p>\n<\/div>\n\n\n\n<div class=\"wp-block-column ext-animate--on is-layout-flow wp-block-column-is-layout-flow\" style=\"flex-basis:33.33%\">\n<h3 class=\"wp-block-heading has-text-align-right ext-animate--on\" style=\"font-size:clamp(14px, 0.875rem + ((1vw - 3.2px) * 0.625), 20px);\">from 180 \u20ac<\/h3>\n<\/div>\n<\/div>\n<\/div>\n\n\n\n<div class=\"wp-block-buttons ext-animate--on is-layout-flex wp-block-buttons-is-layout-flex\">\n<div class=\"wp-block-button has-custom-width wp-block-button__width-100 ext-animate--on\"><a class=\"wp-block-button__link wp-element-button\" href=\"https:\/\/villadeluxe.net\/en\/deluxe\/\">Info &amp; Booking<\/a><\/div>\n<\/div>\n<\/div>\n<\/div>\n<\/div>\n<\/div>\n\n\n\n<div class=\"wp-block-group alignfull is-style-ext-preset--group--natural-1--section ext-animate--off has-background-background-color has-background has-global-padding is-layout-constrained wp-block-group-is-layout-constrained is-style-ext-preset--group--natural-1--section--8\" id=\"kontakt\" style=\"margin-top:0;margin-bottom:0;padding-top:var(--wp--preset--spacing--70);padding-bottom:var(--wp--preset--spacing--70)\">\n<div class=\"wp-block-media-text alignwide is-stacked-on-mobile is-style-ext-preset--media-text--natural-1--card-1 ext-animate--on has-tertiary-background-color has-background is-style-ext-preset--media-text--natural-1--card-1--9\" style=\"grid-template-columns:27% auto\"><figure class=\"wp-block-media-text__media\"><img loading=\"lazy\" decoding=\"async\" width=\"1024\" height=\"1000\" src=\"https:\/\/villadeluxe.net\/wp-content\/uploads\/2026\/03\/Villa-de-Luxe-LOGO-1024x1000.jpg\" alt=\"\" class=\"wp-image-789 size-full\" srcset=\"https:\/\/villadeluxe.net\/wp-content\/uploads\/2026\/03\/Villa-de-Luxe-LOGO-1024x1000.jpg 1024w, https:\/\/villadeluxe.net\/wp-content\/uploads\/2026\/03\/Villa-de-Luxe-LOGO-300x293.jpg 300w, https:\/\/villadeluxe.net\/wp-content\/uploads\/2026\/03\/Villa-de-Luxe-LOGO-768x750.jpg 768w, https:\/\/villadeluxe.net\/wp-content\/uploads\/2026\/03\/Villa-de-Luxe-LOGO.jpg 1079w\" sizes=\"auto, (max-width: 1024px) 100vw, 1024px\" \/><\/figure><div class=\"wp-block-media-text__content\">\n<div class=\"wp-block-group alignwide ext-animate--off has-global-padding is-layout-constrained wp-container-core-group-is-layout-48493932 wp-block-group-is-layout-constrained\" style=\"padding-top:var(--wp--preset--spacing--55);padding-right:var(--wp--preset--spacing--55);padding-bottom:var(--wp--preset--spacing--55);padding-left:var(--wp--preset--spacing--55)\">\n<div class=\"wp-block-contact-form-7-contact-form-selector\">\n<div class=\"wpcf7 no-js\" id=\"wpcf7-f33-o1\" lang=\"de-DE\" dir=\"ltr\" data-wpcf7-id=\"33\">\n<div class=\"screen-reader-response\"><p role=\"status\" aria-live=\"polite\" aria-atomic=\"true\"><\/p> <ul><\/ul><\/div>\n<form action=\"\/en\/wp-json\/wp\/v2\/pages\/34#wpcf7-f33-o1\" method=\"post\" class=\"wpcf7-form init\" aria-label=\"Kontaktformular\" novalidate=\"novalidate\" data-status=\"init\" data-trp-original-action=\"\/en\/wp-json\/wp\/v2\/pages\/34#wpcf7-f33-o1\">\n<fieldset class=\"hidden-fields-container\"><input type=\"hidden\" name=\"_wpcf7\" value=\"33\" \/><input type=\"hidden\" name=\"_wpcf7_version\" value=\"6.1.5\" \/><input type=\"hidden\" name=\"_wpcf7_locale\" value=\"de_DE\" \/><input type=\"hidden\" name=\"_wpcf7_unit_tag\" value=\"wpcf7-f33-o1\" \/><input type=\"hidden\" name=\"_wpcf7_container_post\" value=\"0\" \/><input type=\"hidden\" name=\"_wpcf7_posted_data_hash\" value=\"\" \/>\n<\/fieldset>\n<div class=\"wpcf7-turnstile cf-turnstile\" data-sitekey=\"0x4AAAAAACo3uRsXqYlW0awr\" data-response-field-name=\"_wpcf7_turnstile_response\"><\/div>\n\n<p><label> Your name<br \/>\n<span class=\"wpcf7-form-control-wrap\" data-name=\"your-name\"><input size=\"40\" maxlength=\"400\" class=\"wpcf7-form-control wpcf7-text wpcf7-validates-as-required\" autocomplete=\"name\" aria-required=\"true\" aria-invalid=\"false\" value=\"\" type=\"text\" name=\"your-name\" \/><\/span> <\/label>\n<\/p>\n<p><label> Your e-mail address<br \/>\n<span class=\"wpcf7-form-control-wrap\" data-name=\"your-email\"><input size=\"40\" maxlength=\"400\" class=\"wpcf7-form-control wpcf7-email wpcf7-validates-as-required wpcf7-text wpcf7-validates-as-email\" autocomplete=\"email\" aria-required=\"true\" aria-invalid=\"false\" value=\"\" type=\"email\" name=\"your-email\" \/><\/span> <\/label>\n<\/p>\n<p><label> Subject<br \/>\n<span class=\"wpcf7-form-control-wrap\" data-name=\"your-subject\"><input size=\"40\" maxlength=\"400\" class=\"wpcf7-form-control wpcf7-text wpcf7-validates-as-required\" aria-required=\"true\" aria-invalid=\"false\" value=\"\" type=\"text\" name=\"your-subject\" \/><\/span> <\/label>\n<\/p>\n<p><label> Your message (optional)<br \/>\n<span class=\"wpcf7-form-control-wrap\" data-name=\"your-message\"><textarea cols=\"40\" rows=\"10\" maxlength=\"2000\" class=\"wpcf7-form-control wpcf7-textarea\" aria-invalid=\"false\" name=\"your-message\"><\/textarea><\/span> <\/label>\n<\/p>\n<p><input class=\"wpcf7-form-control wpcf7-submit has-spinner\" type=\"submit\" value=\"Send\" \/>\n<\/p><div class=\"wpcf7-response-output\" aria-hidden=\"true\"><\/div>\n<input type=\"hidden\" name=\"trp-form-language\" value=\"en\"\/><\/form>\n<\/div>\n<\/div>\n<\/div>\n<\/div><\/div>\n<\/div>\n\n\n\n<div class=\"wp-block-group alignfull is-style-ext-preset--group--natural-1--section ext-animate--on has-background-background-color has-background has-global-padding is-layout-constrained wp-container-core-group-is-layout-ab56ae29 wp-block-group-is-layout-constrained is-style-ext-preset--group--natural-1--section--10\" id=\"jetzt-buchen\" style=\"margin-top:0;margin-bottom:0;padding-top:var(--wp--preset--spacing--70);padding-bottom:var(--wp--preset--spacing--70)\">\n<h2 class=\"wp-block-heading has-text-align-center ext-animate--on\">Luxusapartments in Stobrec jetzt reservieren<\/h2>\n\n\n\n<p class=\"has-text-align-center ext-animate--on\" style=\"margin-top:1.5rem\">Hier erfahren Sie, wie Sie unsere Apartments bequem online ausw\u00e4hlen, Verf\u00fcgbarkeiten pr\u00fcfen und Ihre Buchung sicher abschlie\u00dfen.<\/p>\n\n\n\n<div class=\"wp-block-group alignwide ext-animate--on has-global-padding is-layout-constrained wp-block-group-is-layout-constrained\">\n<div class=\"wp-block-simplybook-widget\"><\/div>\n<\/div>\n<\/div>","protected":false},"excerpt":{"rendered":"<p>Luxuri\u00f6se Apartments mit beheiztem Salzwasserpool Buchen Sie Ihre Traumwohnung unkompliziert online mit sicheren Zahlungen. SUPERIOR 1 3-Zimmer Apartment Poolblick ab 140 \u20ac SUITE 2 2-Zimmer Apartment Poolblick ab 90 \u20ac SUPERIOR 3 3-Zimmer Apartment Poolblick ab 150 \u20ac SUITE 4 2-Zimmer Apartment Poolblick ab 100 \u20ac Deluxe 4-Zimmer Apartment Poolside ab 180 \u20ac Luxusapartments in [&hellip;]<\/p>\n","protected":false},"author":1,"featured_media":0,"parent":0,"menu_order":0,"comment_status":"closed","ping_status":"closed","template":"page-with-title","meta":{"footnotes":""},"class_list":["post-34","page","type-page","status-publish","hentry"],"_links":{"self":[{"href":"https:\/\/villadeluxe.net\/en\/wp-json\/wp\/v2\/pages\/34","targetHints":{"allow":["GET"]}}],"collection":[{"href":"https:\/\/villadeluxe.net\/en\/wp-json\/wp\/v2\/pages"}],"about":[{"href":"https:\/\/villadeluxe.net\/en\/wp-json\/wp\/v2\/types\/page"}],"author":[{"embeddable":true,"href":"https:\/\/villadeluxe.net\/en\/wp-json\/wp\/v2\/users\/1"}],"replies":[{"embeddable":true,"href":"https:\/\/villadeluxe.net\/en\/wp-json\/wp\/v2\/comments?post=34"}],"version-history":[{"count":74,"href":"https:\/\/villadeluxe.net\/en\/wp-json\/wp\/v2\/pages\/34\/revisions"}],"predecessor-version":[{"id":2447,"href":"https:\/\/villadeluxe.net\/en\/wp-json\/wp\/v2\/pages\/34\/revisions\/2447"}],"wp:attachment":[{"href":"https:\/\/villadeluxe.net\/en\/wp-json\/wp\/v2\/media?parent=34"}],"curies":[{"name":"wp","href":"https:\/\/api.w.org\/{rel}","templated":true}]}}