{"id":37,"date":"2026-03-01T10:39:20","date_gmt":"2026-03-01T10:39:20","guid":{"rendered":"https:\/\/villadeluxe.net\/portfolio\/"},"modified":"2026-03-16T23:25:59","modified_gmt":"2026-03-16T23:25:59","slug":"portfolio","status":"publish","type":"page","link":"https:\/\/villadeluxe.net\/en\/portfolio\/","title":{"rendered":"Portfolio"},"content":{"rendered":"<div class=\"wp-block-group alignfull is-style-ext-preset--group--natural-1--section has-background-background-color has-background has-global-padding is-layout-constrained wp-block-group-is-layout-constrained is-style-ext-preset--group--natural-1--section--1\" id=\"ueber-uns\" style=\"margin-top:0;margin-bottom:0;padding-top:var(--wp--preset--spacing--70);padding-bottom:var(--wp--preset--spacing--70)\">\n<div class=\"wp-block-columns alignwide are-vertically-aligned-center is-layout-flex wp-container-core-columns-is-layout-174606dc wp-block-columns-is-layout-flex\">\n<div class=\"wp-block-column is-vertically-aligned-center is-layout-flow wp-block-column-is-layout-flow\">\n<h2 class=\"wp-block-heading ext-animate--on\">F\u00fcnf exklusive Apartments in Stobrec erleben<\/h2>\n\n\n\n<p class=\"ext-animate--on\" style=\"margin-top:1.5rem\">Villa de Luxe pr\u00e4sentiert luxuri\u00f6se Apartments mit Online-Buchung, individueller Zimmeransicht und Verf\u00fcgbarkeit in Kalenderform.<\/p>\n<\/div>\n\n\n\n<div class=\"wp-block-column is-vertically-aligned-center is-layout-flow wp-block-column-is-layout-flow\">\n<figure class=\"wp-block-image is-style-ext-preset--image--natural-1--image-1--content-left ext-animate--on is-style-ext-preset--image--natural-1--image-1--content-left--2\"><img loading=\"lazy\" decoding=\"async\" width=\"1440\" height=\"960\" class=\"wp-image-2413\" src=\"https:\/\/villadeluxe.net\/wp-content\/uploads\/cc04621319869f113cab275428b902062b64a425.jpg\" alt=\"\" style=\"aspect-ratio:1;object-fit:cover\" srcset=\"https:\/\/villadeluxe.net\/wp-content\/uploads\/cc04621319869f113cab275428b902062b64a425.jpg 1440w, https:\/\/villadeluxe.net\/wp-content\/uploads\/cc04621319869f113cab275428b902062b64a425-300x200.jpg 300w, https:\/\/villadeluxe.net\/wp-content\/uploads\/cc04621319869f113cab275428b902062b64a425-1024x683.jpg 1024w, https:\/\/villadeluxe.net\/wp-content\/uploads\/cc04621319869f113cab275428b902062b64a425-768x512.jpg 768w, https:\/\/villadeluxe.net\/wp-content\/uploads\/cc04621319869f113cab275428b902062b64a425-18x12.jpg 18w\" sizes=\"auto, (max-width: 1440px) 100vw, 1440px\" \/><\/figure>\n<\/div>\n<\/div>\n<\/div>\n\n\n\n<div class=\"wp-block-group alignfull is-style-ext-preset--group--natural-1--section has-tertiary-background-color has-background has-global-padding is-layout-constrained wp-container-core-group-is-layout-f72f1611 wp-block-group-is-layout-constrained is-style-ext-preset--group--natural-1--section--3\" id=\"galerie\" style=\"margin-top:0;margin-bottom:0;padding-top:var(--wp--preset--spacing--70);padding-bottom:var(--wp--preset--spacing--70)\">\n<div class=\"wp-block-group alignwide ext-is-logical-start has-global-padding is-content-justification-left is-layout-constrained wp-container-core-group-is-layout-6729bdbe wp-block-group-is-layout-constrained\">\n<h2 class=\"wp-block-heading ext-animate--on\">Erleben Sie Luxus und Komfort pur<\/h2>\n\n\n\n<p class=\"has-text-align-left ext-animate--on\" style=\"margin-top:1.5rem\">Entdecken Sie eine exklusive Galerie, die den Charme und die Eleganz unserer Apartments einf\u00e4ngt.<\/p>\n<\/div>\n\n\n\n<div class=\"wp-block-columns alignwide is-layout-flex wp-container-core-columns-is-layout-87beb0d0 wp-block-columns-is-layout-flex\">\n<div class=\"wp-block-column is-vertically-aligned-top ext-animate--on is-layout-flow wp-container-core-column-is-layout-f5bb311e wp-block-column-is-layout-flow\">\n<figure class=\"wp-block-image is-style-ext-preset--image--natural-1--image-1--content-bottom is-style-ext-preset--image--natural-1--image-1--content-bottom--4\"><img loading=\"lazy\" decoding=\"async\" width=\"1440\" height=\"1440\" class=\"wp-image-2414\" src=\"https:\/\/villadeluxe.net\/wp-content\/uploads\/b18858df8500afad1b3a378de52ce22a9d81211a.jpg\" alt=\"\" style=\"aspect-ratio:1;object-fit:cover\" srcset=\"https:\/\/villadeluxe.net\/wp-content\/uploads\/b18858df8500afad1b3a378de52ce22a9d81211a.jpg 1440w, https:\/\/villadeluxe.net\/wp-content\/uploads\/b18858df8500afad1b3a378de52ce22a9d81211a-300x300.jpg 300w, https:\/\/villadeluxe.net\/wp-content\/uploads\/b18858df8500afad1b3a378de52ce22a9d81211a-1024x1024.jpg 1024w, https:\/\/villadeluxe.net\/wp-content\/uploads\/b18858df8500afad1b3a378de52ce22a9d81211a-150x150.jpg 150w, https:\/\/villadeluxe.net\/wp-content\/uploads\/b18858df8500afad1b3a378de52ce22a9d81211a-768x768.jpg 768w, https:\/\/villadeluxe.net\/wp-content\/uploads\/b18858df8500afad1b3a378de52ce22a9d81211a-12x12.jpg 12w\" sizes=\"auto, (max-width: 1440px) 100vw, 1440px\" \/><\/figure>\n\n\n\n<figure class=\"wp-block-image is-style-ext-preset--image--natural-1--image-1--content-right is-style-ext-preset--image--natural-1--image-1--content-right--5\"><img loading=\"lazy\" decoding=\"async\" width=\"1440\" height=\"960\" class=\"wp-image-2415\" src=\"https:\/\/villadeluxe.net\/wp-content\/uploads\/5dea68989cf83b5a73512ec334bc40f687382524.jpg\" alt=\"\" style=\"aspect-ratio:4\/3;object-fit:cover\" srcset=\"https:\/\/villadeluxe.net\/wp-content\/uploads\/5dea68989cf83b5a73512ec334bc40f687382524.jpg 1440w, https:\/\/villadeluxe.net\/wp-content\/uploads\/5dea68989cf83b5a73512ec334bc40f687382524-300x200.jpg 300w, https:\/\/villadeluxe.net\/wp-content\/uploads\/5dea68989cf83b5a73512ec334bc40f687382524-1024x683.jpg 1024w, https:\/\/villadeluxe.net\/wp-content\/uploads\/5dea68989cf83b5a73512ec334bc40f687382524-768x512.jpg 768w, https:\/\/villadeluxe.net\/wp-content\/uploads\/5dea68989cf83b5a73512ec334bc40f687382524-18x12.jpg 18w\" sizes=\"auto, (max-width: 1440px) 100vw, 1440px\" \/><\/figure>\n<\/div>\n\n\n\n<div class=\"wp-block-column is-vertically-aligned-top ext-animate--on is-layout-flow wp-container-core-column-is-layout-f5bb311e wp-block-column-is-layout-flow\">\n<figure class=\"wp-block-image is-style-ext-preset--image--natural-1--image-1--content-left is-style-ext-preset--image--natural-1--image-1--content-left--6\"><img loading=\"lazy\" decoding=\"async\" width=\"1054\" height=\"1440\" class=\"wp-image-2416\" src=\"https:\/\/villadeluxe.net\/wp-content\/uploads\/bb9660aaf936fc533a6fc72734c6adeb9d261bd3.jpg\" alt=\"\" style=\"aspect-ratio:4\/3;object-fit:cover\" srcset=\"https:\/\/villadeluxe.net\/wp-content\/uploads\/bb9660aaf936fc533a6fc72734c6adeb9d261bd3.jpg 1054w, https:\/\/villadeluxe.net\/wp-content\/uploads\/bb9660aaf936fc533a6fc72734c6adeb9d261bd3-220x300.jpg 220w, https:\/\/villadeluxe.net\/wp-content\/uploads\/bb9660aaf936fc533a6fc72734c6adeb9d261bd3-750x1024.jpg 750w, https:\/\/villadeluxe.net\/wp-content\/uploads\/bb9660aaf936fc533a6fc72734c6adeb9d261bd3-768x1049.jpg 768w, https:\/\/villadeluxe.net\/wp-content\/uploads\/bb9660aaf936fc533a6fc72734c6adeb9d261bd3-9x12.jpg 9w\" sizes=\"auto, (max-width: 1054px) 100vw, 1054px\" \/><\/figure>\n\n\n\n<figure class=\"wp-block-image is-style-ext-preset--image--natural-1--image-1--content-left is-style-ext-preset--image--natural-1--image-1--content-left--7\"><img loading=\"lazy\" decoding=\"async\" width=\"960\" height=\"1440\" class=\"wp-image-2417\" src=\"https:\/\/villadeluxe.net\/wp-content\/uploads\/4e95722b69bc7c2028b2c92dd37f870d1e18b4ad.jpg\" alt=\"\" style=\"aspect-ratio:1;object-fit:cover\" srcset=\"https:\/\/villadeluxe.net\/wp-content\/uploads\/4e95722b69bc7c2028b2c92dd37f870d1e18b4ad.jpg 960w, https:\/\/villadeluxe.net\/wp-content\/uploads\/4e95722b69bc7c2028b2c92dd37f870d1e18b4ad-200x300.jpg 200w, https:\/\/villadeluxe.net\/wp-content\/uploads\/4e95722b69bc7c2028b2c92dd37f870d1e18b4ad-683x1024.jpg 683w, https:\/\/villadeluxe.net\/wp-content\/uploads\/4e95722b69bc7c2028b2c92dd37f870d1e18b4ad-768x1152.jpg 768w, https:\/\/villadeluxe.net\/wp-content\/uploads\/4e95722b69bc7c2028b2c92dd37f870d1e18b4ad-8x12.jpg 8w\" sizes=\"auto, (max-width: 960px) 100vw, 960px\" \/><\/figure>\n<\/div>\n<\/div>\n<\/div>\n\n\n\n<div class=\"wp-block-group alignfull is-style-ext-preset--group--natural-1--section ext-animate--on has-background-background-color has-background has-global-padding is-layout-constrained wp-container-core-group-is-layout-ab56ae29 wp-block-group-is-layout-constrained is-style-ext-preset--group--natural-1--section--8\" id=\"jetzt-buchen\" style=\"margin-top:0;margin-bottom:0;padding-top:var(--wp--preset--spacing--70);padding-bottom:var(--wp--preset--spacing--70)\">\n<h2 class=\"wp-block-heading has-text-align-center ext-animate--on\">Luxusapartments in Stobrec online reservieren<\/h2>\n\n\n\n<p class=\"has-text-align-center ext-animate--on\" style=\"margin-top:1.5rem\">Erfahren Sie hier, wie Sie unsere exklusiven Apartments einfach reservieren und alle n\u00f6tigen Informationen f\u00fcr Ihre Buchung erhalten.<\/p>\n\n\n\n<div class=\"wp-block-group alignwide ext-animate--on has-global-padding is-layout-constrained wp-block-group-is-layout-constrained\">\n<div class=\"wp-block-simplybook-widget\"><\/div>\n<\/div>\n<\/div>\n\n\n\n<p class=\"ext-animate--on\"><\/p>","protected":false},"excerpt":{"rendered":"<p>F\u00fcnf exklusive Apartments in Stobrec erleben Villa de Luxe pr\u00e4sentiert luxuri\u00f6se Apartments mit Online-Buchung, individueller Zimmeransicht und Verf\u00fcgbarkeit in Kalenderform. Erleben Sie Luxus und Komfort pur Entdecken Sie eine exklusive Galerie, die den Charme und die Eleganz unserer Apartments einf\u00e4ngt. Luxusapartments in Stobrec online reservieren Erfahren Sie hier, wie Sie unsere exklusiven Apartments einfach reservieren [&hellip;]<\/p>\n","protected":false},"author":1,"featured_media":0,"parent":0,"menu_order":0,"comment_status":"closed","ping_status":"closed","template":"page-with-title","meta":{"footnotes":""},"class_list":["post-37","page","type-page","status-publish","hentry"],"_links":{"self":[{"href":"https:\/\/villadeluxe.net\/en\/wp-json\/wp\/v2\/pages\/37","targetHints":{"allow":["GET"]}}],"collection":[{"href":"https:\/\/villadeluxe.net\/en\/wp-json\/wp\/v2\/pages"}],"about":[{"href":"https:\/\/villadeluxe.net\/en\/wp-json\/wp\/v2\/types\/page"}],"author":[{"embeddable":true,"href":"https:\/\/villadeluxe.net\/en\/wp-json\/wp\/v2\/users\/1"}],"replies":[{"embeddable":true,"href":"https:\/\/villadeluxe.net\/en\/wp-json\/wp\/v2\/comments?post=37"}],"version-history":[{"count":2,"href":"https:\/\/villadeluxe.net\/en\/wp-json\/wp\/v2\/pages\/37\/revisions"}],"predecessor-version":[{"id":2418,"href":"https:\/\/villadeluxe.net\/en\/wp-json\/wp\/v2\/pages\/37\/revisions\/2418"}],"wp:attachment":[{"href":"https:\/\/villadeluxe.net\/en\/wp-json\/wp\/v2\/media?parent=37"}],"curies":[{"name":"wp","href":"https:\/\/api.w.org\/{rel}","templated":true}]}}